{"id":396,"date":"2024-10-13T11:59:46","date_gmt":"2024-10-13T11:59:46","guid":{"rendered":"https:\/\/competent-saha.46-4-20-29.plesk.page\/?page_id=396"},"modified":"2025-08-24T15:59:14","modified_gmt":"2025-08-24T15:59:14","slug":"kontakt","status":"publish","type":"page","link":"https:\/\/elena.hosting-dk.de\/?page_id=396","title":{"rendered":"Impressum"},"content":{"rendered":"\t\t<div data-elementor-type=\"wp-page\" data-elementor-id=\"396\" class=\"elementor elementor-396\">\n\t\t\t\t\t\t<section class=\"elementor-section elementor-top-section elementor-element elementor-element-70db54ad elementor-section-height-min-height elementor-section-full_width elementor-section-items-bottom elementor-section-height-default wpr-particle-no wpr-jarallax-no wpr-parallax-no wpr-sticky-section-no\" data-id=\"70db54ad\" data-element_type=\"section\" data-settings=\"{&quot;background_background&quot;:&quot;classic&quot;}\">\n\t\t\t\t\t\t<div class=\"elementor-container elementor-column-gap-default\">\n\t\t\t\t\t<div class=\"elementor-column elementor-col-100 elementor-top-column elementor-element elementor-element-1daeffc8\" data-id=\"1daeffc8\" data-element_type=\"column\">\n\t\t\t<div class=\"elementor-widget-wrap elementor-element-populated\">\n\t\t\t\t\t\t<div class=\"elementor-element elementor-element-1ea31154 wpr-pointer-line-fx wpr-pointer-fx-slide wpr-main-menu-align-center wpr-main-menu-align--tabletcenter wpr-main-menu-align--mobileleft wpr-pointer-underline wpr-sub-icon-caret-down wpr-sub-menu-fx-fade wpr-nav-menu-bp-mobile wpr-mobile-menu-full-width wpr-mobile-menu-item-align-center wpr-mobile-toggle-v1 wpr-mobile-divider-yes elementor-widget elementor-widget-wpr-nav-menu\" data-id=\"1ea31154\" data-element_type=\"widget\" data-settings=\"{&quot;menu_layout&quot;:&quot;horizontal&quot;}\" data-widget_type=\"wpr-nav-menu.default\">\n\t\t\t\t<div class=\"elementor-widget-container\">\n\t\t\t<nav class=\"wpr-nav-menu-container wpr-nav-menu-horizontal\" data-trigger=\"hover\"><ul id=\"menu-1-1ea31154\" class=\"wpr-nav-menu\"><li class=\"menu-item menu-item-type-post_type menu-item-object-page menu-item-home menu-item-193\"><a href=\"https:\/\/elena.hosting-dk.de\/\" class=\"wpr-menu-item wpr-pointer-item\">Homepage<\/a><\/li>\n<li class=\"menu-item menu-item-type-post_type menu-item-object-page menu-item-233\"><a href=\"https:\/\/elena.hosting-dk.de\/?page_id=182\" class=\"wpr-menu-item wpr-pointer-item\">\u00dcber mich<\/a><\/li>\n<li class=\"menu-item menu-item-type-post_type menu-item-object-page menu-item-has-children menu-item-381\"><a href=\"https:\/\/elena.hosting-dk.de\/?page_id=374\" class=\"wpr-menu-item wpr-pointer-item\">Projekte<i class=\"wpr-sub-icon fas\" aria-hidden=\"true\"><\/i><\/a>\n<ul class=\"sub-menu wpr-sub-menu\">\n\t<li class=\"menu-item menu-item-type-post_type menu-item-object-page menu-item-292\"><a href=\"https:\/\/elena.hosting-dk.de\/?page_id=247\" class=\"wpr-sub-menu-item\">Brosch\u00fcren<\/a><\/li>\n\t<li class=\"menu-item menu-item-type-post_type menu-item-object-page menu-item-395\"><a href=\"https:\/\/elena.hosting-dk.de\/?page_id=389\" class=\"wpr-sub-menu-item\">Visitenkarten<\/a><\/li>\n\t<li class=\"menu-item menu-item-type-post_type menu-item-object-page menu-item-394\"><a href=\"https:\/\/elena.hosting-dk.de\/?page_id=391\" class=\"wpr-sub-menu-item\">Plakate, Flyer und Folder<\/a><\/li>\n<\/ul>\n<\/li>\n<li class=\"menu-item menu-item-type-post_type menu-item-object-page menu-item-458\"><a href=\"https:\/\/elena.hosting-dk.de\/?page_id=396\" class=\"wpr-menu-item wpr-pointer-item\">Impressum<\/a><\/li>\n<\/ul><\/nav><nav class=\"wpr-mobile-nav-menu-container\"><div class=\"wpr-mobile-toggle-wrap\"><div class=\"wpr-mobile-toggle\"><span class=\"wpr-mobile-toggle-line\"><\/span><span class=\"wpr-mobile-toggle-line\"><\/span><span class=\"wpr-mobile-toggle-line\"><\/span><\/div><\/div><ul id=\"mobile-menu-2-1ea31154\" class=\"wpr-mobile-nav-menu\"><li class=\"menu-item menu-item-type-post_type menu-item-object-page menu-item-home menu-item-193\"><a href=\"https:\/\/elena.hosting-dk.de\/\" class=\"wpr-mobile-menu-item\">Homepage<\/a><\/li>\n<li class=\"menu-item menu-item-type-post_type menu-item-object-page menu-item-233\"><a href=\"https:\/\/elena.hosting-dk.de\/?page_id=182\" class=\"wpr-mobile-menu-item\">\u00dcber mich<\/a><\/li>\n<li class=\"menu-item menu-item-type-post_type menu-item-object-page menu-item-has-children menu-item-381\"><a href=\"https:\/\/elena.hosting-dk.de\/?page_id=374\" class=\"wpr-mobile-menu-item\">Projekte<\/a>\n<ul class=\"sub-menu wpr-sub-menu\">\n\t<li class=\"menu-item menu-item-type-post_type menu-item-object-page menu-item-292\"><a href=\"https:\/\/elena.hosting-dk.de\/?page_id=247\" class=\"wpr-mobile-sub-menu-item\">Brosch\u00fcren<\/a><\/li>\n\t<li class=\"menu-item menu-item-type-post_type menu-item-object-page menu-item-395\"><a href=\"https:\/\/elena.hosting-dk.de\/?page_id=389\" class=\"wpr-mobile-sub-menu-item\">Visitenkarten<\/a><\/li>\n\t<li class=\"menu-item menu-item-type-post_type menu-item-object-page menu-item-394\"><a href=\"https:\/\/elena.hosting-dk.de\/?page_id=391\" class=\"wpr-mobile-sub-menu-item\">Plakate, Flyer und Folder<\/a><\/li>\n<\/ul>\n<\/li>\n<li class=\"menu-item menu-item-type-post_type menu-item-object-page menu-item-458\"><a href=\"https:\/\/elena.hosting-dk.de\/?page_id=396\" class=\"wpr-mobile-menu-item\">Impressum<\/a><\/li>\n<\/ul><\/nav>\t\t<\/div>\n\t\t\t\t<\/div>\n\t\t\t\t\t<\/div>\n\t\t<\/div>\n\t\t\t\t\t<\/div>\n\t\t<\/section>\n\t\t<div class=\"elementor-element elementor-element-9353343 e-flex e-con-boxed wpr-particle-no wpr-jarallax-no wpr-parallax-no wpr-sticky-section-no e-con e-parent\" data-id=\"9353343\" data-element_type=\"container\">\n\t\t\t\t\t<div class=\"e-con-inner\">\n\t\t\t\t<div class=\"elementor-element elementor-element-6205d51 elementor-widget elementor-widget-spacer\" data-id=\"6205d51\" data-element_type=\"widget\" data-widget_type=\"spacer.default\">\n\t\t\t\t<div class=\"elementor-widget-container\">\n\t\t\t\t\t<div class=\"elementor-spacer\">\n\t\t\t<div class=\"elementor-spacer-inner\"><\/div>\n\t\t<\/div>\n\t\t\t\t<\/div>\n\t\t\t\t<\/div>\n\t\t\t\t\t<\/div>\n\t\t\t\t<\/div>\n\t\t<div class=\"elementor-element elementor-element-ef35bc1 e-flex e-con-boxed wpr-particle-no wpr-jarallax-no wpr-parallax-no wpr-sticky-section-no e-con e-parent\" data-id=\"ef35bc1\" data-element_type=\"container\">\n\t\t\t\t\t<div class=\"e-con-inner\">\n\t\t\t\t<div class=\"elementor-element elementor-element-eeda9e4 elementor-widget elementor-widget-heading\" data-id=\"eeda9e4\" data-element_type=\"widget\" data-widget_type=\"heading.default\">\n\t\t\t\t<div class=\"elementor-widget-container\">\n\t\t\t<h2 class=\"elementor-heading-title elementor-size-default\">Impressum<\/h2>\t\t<\/div>\n\t\t\t\t<\/div>\n\t\t\t\t<div class=\"elementor-element elementor-element-80e6363 elementor-widget elementor-widget-text-editor\" data-id=\"80e6363\" data-element_type=\"widget\" data-widget_type=\"text-editor.default\">\n\t\t\t\t<div class=\"elementor-widget-container\">\n\t\t\t\t\t\t\t<p>Angaben gem\u00e4\u00df \u00a7 5 TMG<\/p><p>Elena Friesen<br \/>Bauerbrinker Stra\u00dfe 21<br \/>32369 Rahden<\/p><p>Kontakt:<br \/>Telefon: 0176 97723564<br \/>E-Mail: elenafriesen4@web.de<\/p>\t\t\t\t\t\t<\/div>\n\t\t\t\t<\/div>\n\t\t\t\t<div class=\"elementor-element elementor-element-33a5495 elementor-widget elementor-widget-spacer\" data-id=\"33a5495\" data-element_type=\"widget\" data-widget_type=\"spacer.default\">\n\t\t\t\t<div class=\"elementor-widget-container\">\n\t\t\t\t\t<div class=\"elementor-spacer\">\n\t\t\t<div class=\"elementor-spacer-inner\"><\/div>\n\t\t<\/div>\n\t\t\t\t<\/div>\n\t\t\t\t<\/div>\n\t\t\t\t\t<\/div>\n\t\t\t\t<\/div>\n\t\t\t\t<section class=\"elementor-section elementor-top-section elementor-element elementor-element-6cb28399 elementor-section-full_width elementor-section-height-default elementor-section-height-default wpr-particle-no wpr-jarallax-no wpr-parallax-no wpr-sticky-section-no\" data-id=\"6cb28399\" data-element_type=\"section\" data-settings=\"{&quot;background_background&quot;:&quot;classic&quot;}\">\n\t\t\t\t\t\t\t<div class=\"elementor-background-overlay\"><\/div>\n\t\t\t\t\t\t\t<div class=\"elementor-container elementor-column-gap-default\">\n\t\t\t\t\t<div class=\"elementor-column elementor-col-50 elementor-top-column elementor-element elementor-element-531da472\" data-id=\"531da472\" data-element_type=\"column\">\n\t\t\t<div class=\"elementor-widget-wrap\">\n\t\t\t\t\t\t\t<\/div>\n\t\t<\/div>\n\t\t\t\t<div class=\"elementor-column elementor-col-50 elementor-top-column elementor-element elementor-element-3cf05e68\" data-id=\"3cf05e68\" data-element_type=\"column\">\n\t\t\t<div class=\"elementor-widget-wrap elementor-element-populated\">\n\t\t\t\t\t\t<div class=\"elementor-element elementor-element-6a6c02a2 elementor-widget elementor-widget-text-editor\" data-id=\"6a6c02a2\" data-element_type=\"widget\" data-widget_type=\"text-editor.default\">\n\t\t\t\t<div class=\"elementor-widget-container\">\n\t\t\t\t\t\t\t<p><a href=\"https:\/\/elena.hosting-dk.de\">Homepage<\/a><br \/><a href=\"https:\/\/elena.hosting-dk.de\/?page_id=182\">\u00dcber mich<\/a><br \/><a href=\"https:\/\/elena.hosting-dk.de\/?page_id=374\">Projekte<\/a><br \/><a href=\"https:\/\/elena.hosting-dk.de\/?page_id=396\">Impressum<\/a><\/p><p>\u00a9 Elena Friesen, 2024. Alle Rechte vorbehalten.<\/p>\t\t\t\t\t\t<\/div>\n\t\t\t\t<\/div>\n\t\t\t\t\t<\/div>\n\t\t<\/div>\n\t\t\t\t\t<\/div>\n\t\t<\/section>\n\t\t\t\t<\/div>\n\t\t","protected":false},"excerpt":{"rendered":"<p>Homepage \u00dcber mich Projekte Brosch\u00fcren Visitenkarten Plakate, Flyer und Folder Impressum Homepage \u00dcber mich Projekte Brosch\u00fcren Visitenkarten Plakate, Flyer und Folder Impressum Impressum Angaben gem\u00e4\u00df \u00a7 5 TMG Elena FriesenBauerbrinker Stra\u00dfe 2132369 Rahden Kontakt:Telefon: 0176 97723564E-Mail: elenafriesen4@web.de Homepage\u00dcber michProjekteImpressum \u00a9 Elena Friesen, 2024. Alle Rechte vorbehalten.<\/p>\n","protected":false},"author":1,"featured_media":0,"parent":0,"menu_order":0,"comment_status":"closed","ping_status":"closed","template":"elementor_canvas","meta":{"footnotes":""},"class_list":["post-396","page","type-page","status-publish","hentry"],"_links":{"self":[{"href":"https:\/\/elena.hosting-dk.de\/index.php?rest_route=\/wp\/v2\/pages\/396","targetHints":{"allow":["GET"]}}],"collection":[{"href":"https:\/\/elena.hosting-dk.de\/index.php?rest_route=\/wp\/v2\/pages"}],"about":[{"href":"https:\/\/elena.hosting-dk.de\/index.php?rest_route=\/wp\/v2\/types\/page"}],"author":[{"embeddable":true,"href":"https:\/\/elena.hosting-dk.de\/index.php?rest_route=\/wp\/v2\/users\/1"}],"replies":[{"embeddable":true,"href":"https:\/\/elena.hosting-dk.de\/index.php?rest_route=%2Fwp%2Fv2%2Fcomments&post=396"}],"version-history":[{"count":38,"href":"https:\/\/elena.hosting-dk.de\/index.php?rest_route=\/wp\/v2\/pages\/396\/revisions"}],"predecessor-version":[{"id":891,"href":"https:\/\/elena.hosting-dk.de\/index.php?rest_route=\/wp\/v2\/pages\/396\/revisions\/891"}],"wp:attachment":[{"href":"https:\/\/elena.hosting-dk.de\/index.php?rest_route=%2Fwp%2Fv2%2Fmedia&parent=396"}],"curies":[{"name":"wp","href":"https:\/\/api.w.org\/{rel}","templated":true}]}}