{"id":114,"date":"2024-10-10T07:56:25","date_gmt":"2024-10-10T07:56:25","guid":{"rendered":"https:\/\/competent-saha.46-4-20-29.plesk.page\/?page_id=114"},"modified":"2025-08-25T13:35:48","modified_gmt":"2025-08-25T13:35:48","slug":"homepage-2","status":"publish","type":"page","link":"https:\/\/elena.hosting-dk.de\/","title":{"rendered":"Homepage"},"content":{"rendered":"\t\t<div data-elementor-type=\"wp-page\" data-elementor-id=\"114\" class=\"elementor elementor-114\">\n\t\t\t\t\t\t<section class=\"elementor-section elementor-top-section elementor-element elementor-element-626012021 elementor-section-height-min-height elementor-section-boxed elementor-section-height-default elementor-section-items-middle wpr-particle-no wpr-jarallax-no wpr-parallax-no wpr-sticky-section-no\" data-id=\"626012021\" data-element_type=\"section\" data-settings=\"{&quot;background_background&quot;:&quot;classic&quot;}\">\n\t\t\t\t\t\t<div class=\"elementor-container elementor-column-gap-default\">\n\t\t\t\t\t<div class=\"elementor-column elementor-col-100 elementor-top-column elementor-element elementor-element-4b6a2ab\" data-id=\"4b6a2ab\" data-element_type=\"column\">\n\t\t\t<div class=\"elementor-widget-wrap elementor-element-populated\">\n\t\t\t\t\t\t<div class=\"elementor-element elementor-element-2fd4ef82 wpr-pointer-line-fx wpr-pointer-fx-slide wpr-main-menu-align-center wpr-main-menu-align--tabletcenter wpr-main-menu-align--mobileleft wpr-pointer-underline wpr-sub-icon-caret-down wpr-sub-menu-fx-fade wpr-nav-menu-bp-mobile wpr-mobile-menu-full-width wpr-mobile-menu-item-align-center wpr-mobile-toggle-v1 wpr-mobile-divider-yes elementor-widget elementor-widget-wpr-nav-menu\" data-id=\"2fd4ef82\" data-element_type=\"widget\" data-settings=\"{&quot;menu_layout&quot;:&quot;horizontal&quot;}\" data-widget_type=\"wpr-nav-menu.default\">\n\t\t\t\t<div class=\"elementor-widget-container\">\n\t\t\t<nav class=\"wpr-nav-menu-container wpr-nav-menu-horizontal\" data-trigger=\"hover\"><ul id=\"menu-1-2fd4ef82\" class=\"wpr-nav-menu\"><li class=\"menu-item menu-item-type-post_type menu-item-object-page menu-item-home menu-item-193\"><a href=\"https:\/\/elena.hosting-dk.de\/\" class=\"wpr-menu-item wpr-pointer-item\">Homepage<\/a><\/li>\n<li class=\"menu-item menu-item-type-post_type menu-item-object-page menu-item-233\"><a href=\"https:\/\/elena.hosting-dk.de\/?page_id=182\" class=\"wpr-menu-item wpr-pointer-item\">\u00dcber mich<\/a><\/li>\n<li class=\"menu-item menu-item-type-post_type menu-item-object-page menu-item-has-children menu-item-381\"><a href=\"https:\/\/elena.hosting-dk.de\/?page_id=374\" class=\"wpr-menu-item wpr-pointer-item\">Projekte<i class=\"wpr-sub-icon fas\" aria-hidden=\"true\"><\/i><\/a>\n<ul class=\"sub-menu wpr-sub-menu\">\n\t<li class=\"menu-item menu-item-type-post_type menu-item-object-page menu-item-292\"><a href=\"https:\/\/elena.hosting-dk.de\/?page_id=247\" class=\"wpr-sub-menu-item\">Brosch\u00fcren<\/a><\/li>\n\t<li class=\"menu-item menu-item-type-post_type menu-item-object-page menu-item-395\"><a href=\"https:\/\/elena.hosting-dk.de\/?page_id=389\" class=\"wpr-sub-menu-item\">Visitenkarten<\/a><\/li>\n\t<li class=\"menu-item menu-item-type-post_type menu-item-object-page menu-item-394\"><a href=\"https:\/\/elena.hosting-dk.de\/?page_id=391\" class=\"wpr-sub-menu-item\">Plakate, Flyer und Folder<\/a><\/li>\n<\/ul>\n<\/li>\n<li class=\"menu-item menu-item-type-post_type menu-item-object-page menu-item-458\"><a href=\"https:\/\/elena.hosting-dk.de\/?page_id=396\" class=\"wpr-menu-item wpr-pointer-item\">Impressum<\/a><\/li>\n<\/ul><\/nav><nav class=\"wpr-mobile-nav-menu-container\"><div class=\"wpr-mobile-toggle-wrap\"><div class=\"wpr-mobile-toggle\"><span class=\"wpr-mobile-toggle-line\"><\/span><span class=\"wpr-mobile-toggle-line\"><\/span><span class=\"wpr-mobile-toggle-line\"><\/span><\/div><\/div><ul id=\"mobile-menu-2-2fd4ef82\" class=\"wpr-mobile-nav-menu\"><li class=\"menu-item menu-item-type-post_type menu-item-object-page menu-item-home menu-item-193\"><a href=\"https:\/\/elena.hosting-dk.de\/\" class=\"wpr-mobile-menu-item\">Homepage<\/a><\/li>\n<li class=\"menu-item menu-item-type-post_type menu-item-object-page menu-item-233\"><a href=\"https:\/\/elena.hosting-dk.de\/?page_id=182\" class=\"wpr-mobile-menu-item\">\u00dcber mich<\/a><\/li>\n<li class=\"menu-item menu-item-type-post_type menu-item-object-page menu-item-has-children menu-item-381\"><a href=\"https:\/\/elena.hosting-dk.de\/?page_id=374\" class=\"wpr-mobile-menu-item\">Projekte<\/a>\n<ul class=\"sub-menu wpr-sub-menu\">\n\t<li class=\"menu-item menu-item-type-post_type menu-item-object-page menu-item-292\"><a href=\"https:\/\/elena.hosting-dk.de\/?page_id=247\" class=\"wpr-mobile-sub-menu-item\">Brosch\u00fcren<\/a><\/li>\n\t<li class=\"menu-item menu-item-type-post_type menu-item-object-page menu-item-395\"><a href=\"https:\/\/elena.hosting-dk.de\/?page_id=389\" class=\"wpr-mobile-sub-menu-item\">Visitenkarten<\/a><\/li>\n\t<li class=\"menu-item menu-item-type-post_type menu-item-object-page menu-item-394\"><a href=\"https:\/\/elena.hosting-dk.de\/?page_id=391\" class=\"wpr-mobile-sub-menu-item\">Plakate, Flyer und Folder<\/a><\/li>\n<\/ul>\n<\/li>\n<li class=\"menu-item menu-item-type-post_type menu-item-object-page menu-item-458\"><a href=\"https:\/\/elena.hosting-dk.de\/?page_id=396\" class=\"wpr-mobile-menu-item\">Impressum<\/a><\/li>\n<\/ul><\/nav>\t\t<\/div>\n\t\t\t\t<\/div>\n\t\t\t\t<div class=\"elementor-element elementor-element-c93af32 wpr-advanced-text-style-animated wpr-fancy-text-typing wpr-animated-text-infinite-yes elementor-widget elementor-widget-wpr-advanced-text\" data-id=\"c93af32\" data-element_type=\"widget\" data-settings=\"{&quot;anim_loop&quot;:&quot;yes&quot;}\" data-widget_type=\"wpr-advanced-text.default\">\n\t\t\t\t<div class=\"elementor-widget-container\">\n\t\t\t\n\t\t<h3 class=\"wpr-advanced-text\">\n\n\t\t\t\t\t\n\t\t\t\t\t\t\t<span class=\"wpr-advanced-text-preffix\">Entdecke<br><\/span>\n\t\t\t\n\t\t<span class=\"wpr-anim-text wpr-anim-text-type-typing wpr-anim-text-letters\" data-anim-duration=\"100,2000\" data-anim-loop=\"yes\">\n\t\t\t<span class=\"wpr-anim-text-inner\">\n\t\t\t\t\t\t\t\t\t<b>Mein Portfolio<\/b>\n\t\t\t\t\t\t\t<\/span>\n\t\t\t<span class=\"wpr-anim-text-cursor\">|<\/span>\t\t<\/span>\n\n\t\t\t\t\n\t\t<\/h3>\n\t\t\n\t\t\t\t<\/div>\n\t\t\t\t<\/div>\n\t\t\t\t<div class=\"elementor-element elementor-element-ecd9ba0 elementor-widget elementor-widget-heading\" data-id=\"ecd9ba0\" data-element_type=\"widget\" data-widget_type=\"heading.default\">\n\t\t\t\t<div class=\"elementor-widget-container\">\n\t\t\t<h2 class=\"elementor-heading-title elementor-size-default\">Elena Friesen<\/h2>\t\t<\/div>\n\t\t\t\t<\/div>\n\t\t\t\t\t<\/div>\n\t\t<\/div>\n\t\t\t\t\t<\/div>\n\t\t<\/section>\n\t\t\t\t<section class=\"elementor-section elementor-top-section elementor-element elementor-element-3d0e8108 elementor-section-boxed elementor-section-height-default elementor-section-height-default wpr-particle-no wpr-jarallax-no wpr-parallax-no\" data-id=\"3d0e8108\" data-element_type=\"section\" data-settings=\"{&quot;background_background&quot;:&quot;gradient&quot;}\">\n\t\t\t\t\t\t<div class=\"elementor-container elementor-column-gap-wide\">\n\t\t\t\t\t<div class=\"elementor-column elementor-col-50 elementor-top-column elementor-element elementor-element-78b86717\" data-id=\"78b86717\" data-element_type=\"column\">\n\t\t\t<div class=\"elementor-widget-wrap elementor-element-populated\">\n\t\t\t\t\t\t<div class=\"elementor-element elementor-element-757eb102 elementor-widget elementor-widget-image\" data-id=\"757eb102\" data-element_type=\"widget\" data-widget_type=\"image.default\">\n\t\t\t\t<div class=\"elementor-widget-container\">\n\t\t\t\t\t\t\t\t\t\t\t\t\t<img fetchpriority=\"high\" decoding=\"async\" width=\"1000\" height=\"1041\" src=\"https:\/\/elena.hosting-dk.de\/wp-content\/uploads\/2025\/08\/Portrait_HomepageV2.png\" class=\"attachment-full size-full wp-image-871\" alt=\"\" srcset=\"https:\/\/elena.hosting-dk.de\/wp-content\/uploads\/2025\/08\/Portrait_HomepageV2.png 1000w, https:\/\/elena.hosting-dk.de\/wp-content\/uploads\/2025\/08\/Portrait_HomepageV2-288x300.png 288w, https:\/\/elena.hosting-dk.de\/wp-content\/uploads\/2025\/08\/Portrait_HomepageV2-984x1024.png 984w, https:\/\/elena.hosting-dk.de\/wp-content\/uploads\/2025\/08\/Portrait_HomepageV2-768x799.png 768w\" sizes=\"(max-width: 1000px) 100vw, 1000px\" \/>\t\t\t\t\t\t\t\t\t\t\t\t\t<\/div>\n\t\t\t\t<\/div>\n\t\t\t\t\t<\/div>\n\t\t<\/div>\n\t\t\t\t<div class=\"elementor-column elementor-col-50 elementor-top-column elementor-element elementor-element-11aea90a\" data-id=\"11aea90a\" data-element_type=\"column\">\n\t\t\t<div class=\"elementor-widget-wrap elementor-element-populated\">\n\t\t\t\t\t\t<div class=\"elementor-element elementor-element-05bd448 elementor-widget elementor-widget-spacer\" data-id=\"05bd448\" data-element_type=\"widget\" data-widget_type=\"spacer.default\">\n\t\t\t\t<div class=\"elementor-widget-container\">\n\t\t\t\t\t<div class=\"elementor-spacer\">\n\t\t\t<div class=\"elementor-spacer-inner\"><\/div>\n\t\t<\/div>\n\t\t\t\t<\/div>\n\t\t\t\t<\/div>\n\t\t\t\t<div class=\"elementor-element elementor-element-6198ea1f elementor-widget elementor-widget-heading\" data-id=\"6198ea1f\" data-element_type=\"widget\" data-widget_type=\"heading.default\">\n\t\t\t\t<div class=\"elementor-widget-container\">\n\t\t\t<h2 class=\"elementor-heading-title elementor-size-default\">Willkommen!<\/h2>\t\t<\/div>\n\t\t\t\t<\/div>\n\t\t\t\t<div class=\"elementor-element elementor-element-74d3925 elementor-widget elementor-widget-text-editor\" data-id=\"74d3925\" data-element_type=\"widget\" data-widget_type=\"text-editor.default\">\n\t\t\t\t<div class=\"elementor-widget-container\">\n\t\t\t\t\t\t\t<p>Ich bin Elena, 19 Jahre alt und\u00a0 gestaltungstechnische Assistentin.<\/p><p>Kreativit\u00e4t und Detailgenauigkeit sind mein Ding \u2013 wenn du mehr wissen willst, schau mal vorbei!<\/p>\t\t\t\t\t\t<\/div>\n\t\t\t\t<\/div>\n\t\t\t\t<div class=\"elementor-element elementor-element-4193488b wpr-button-icon-style-inline wpr-button-icon-position-right elementor-widget elementor-widget-wpr-button\" data-id=\"4193488b\" data-element_type=\"widget\" data-widget_type=\"wpr-button.default\">\n\t\t\t\t<div class=\"elementor-widget-container\">\n\t\t\t\t\n\t\t\t\n\t\t\n\t\t<div class=\"wpr-button-wrap elementor-clearfix\">\n\t\t<a class=\"wpr-button wpr-button-effect elementor-animation-grow\" data-text=\"Go\" href=\"https:\/\/elena.hosting-dk.de\/?page_id=182\" target=\"_blank\">\n\t\t\t\n\t\t\t<span class=\"wpr-button-content\">\n\t\t\t\t\t\t\t\t\t<span class=\"wpr-button-text\">Erfahre mehr<\/span>\n\t\t\t\t\t\t\t\t\n\t\t\t\t\t\t\t<\/span>\n\t\t<\/a>\n\n\t\t\t\t<\/div>\n\t\n\t\n\t\t\t<\/div>\n\t\t\t\t<\/div>\n\t\t\t\t<div class=\"elementor-element elementor-element-ce564b9 elementor-widget elementor-widget-heading\" data-id=\"ce564b9\" data-element_type=\"widget\" data-widget_type=\"heading.default\">\n\t\t\t\t<div class=\"elementor-widget-container\">\n\t\t\t<h2 class=\"elementor-heading-title elementor-size-default\">Was dich hier erwartet:<\/h2>\t\t<\/div>\n\t\t\t\t<\/div>\n\t\t\t\t<div class=\"elementor-element elementor-element-fa2a224 elementor-align-left elementor-icon-list--layout-traditional elementor-list-item-link-full_width elementor-widget elementor-widget-icon-list\" data-id=\"fa2a224\" data-element_type=\"widget\" data-widget_type=\"icon-list.default\">\n\t\t\t\t<div class=\"elementor-widget-container\">\n\t\t\t\t\t<ul class=\"elementor-icon-list-items\">\n\t\t\t\t\t\t\t<li class=\"elementor-icon-list-item\">\n\t\t\t\t\t\t\t\t\t\t\t<a href=\"https:\/\/elena.hosting-dk.de\/?page_id=182\">\n\n\t\t\t\t\t\t\t\t\t\t\t\t<span class=\"elementor-icon-list-icon\">\n\t\t\t\t\t\t\t<svg aria-hidden=\"true\" class=\"e-font-icon-svg e-fas-check-circle\" viewBox=\"0 0 512 512\" xmlns=\"http:\/\/www.w3.org\/2000\/svg\"><path d=\"M504 256c0 136.967-111.033 248-248 248S8 392.967 8 256 119.033 8 256 8s248 111.033 248 248zM227.314 387.314l184-184c6.248-6.248 6.248-16.379 0-22.627l-22.627-22.627c-6.248-6.249-16.379-6.249-22.628 0L216 308.118l-70.059-70.059c-6.248-6.248-16.379-6.248-22.628 0l-22.627 22.627c-6.248 6.248-6.248 16.379 0 22.627l104 104c6.249 6.249 16.379 6.249 22.628.001z\"><\/path><\/svg>\t\t\t\t\t\t<\/span>\n\t\t\t\t\t\t\t\t\t\t<span class=\"elementor-icon-list-text\">\u00dcber mich<\/span>\n\t\t\t\t\t\t\t\t\t\t\t<\/a>\n\t\t\t\t\t\t\t\t\t<\/li>\n\t\t\t\t\t\t\t\t<li class=\"elementor-icon-list-item\">\n\t\t\t\t\t\t\t\t\t\t\t<a href=\"https:\/\/elena.hosting-dk.de\/?page_id=374\">\n\n\t\t\t\t\t\t\t\t\t\t\t\t<span class=\"elementor-icon-list-icon\">\n\t\t\t\t\t\t\t<svg aria-hidden=\"true\" class=\"e-font-icon-svg e-fas-check-circle\" viewBox=\"0 0 512 512\" xmlns=\"http:\/\/www.w3.org\/2000\/svg\"><path d=\"M504 256c0 136.967-111.033 248-248 248S8 392.967 8 256 119.033 8 256 8s248 111.033 248 248zM227.314 387.314l184-184c6.248-6.248 6.248-16.379 0-22.627l-22.627-22.627c-6.248-6.249-16.379-6.249-22.628 0L216 308.118l-70.059-70.059c-6.248-6.248-16.379-6.248-22.628 0l-22.627 22.627c-6.248 6.248-6.248 16.379 0 22.627l104 104c6.249 6.249 16.379 6.249 22.628.001z\"><\/path><\/svg>\t\t\t\t\t\t<\/span>\n\t\t\t\t\t\t\t\t\t\t<span class=\"elementor-icon-list-text\">Meine Projekte<\/span>\n\t\t\t\t\t\t\t\t\t\t\t<\/a>\n\t\t\t\t\t\t\t\t\t<\/li>\n\t\t\t\t\t\t<\/ul>\n\t\t\t\t<\/div>\n\t\t\t\t<\/div>\n\t\t\t\t\t<\/div>\n\t\t<\/div>\n\t\t\t\t\t<\/div>\n\t\t<\/section>\n\t\t\t\t<section class=\"elementor-section elementor-top-section elementor-element elementor-element-193b5072 elementor-section-boxed elementor-section-height-default elementor-section-height-default wpr-particle-no wpr-jarallax-no wpr-parallax-no wpr-sticky-section-no\" data-id=\"193b5072\" data-element_type=\"section\" data-settings=\"{&quot;background_background&quot;:&quot;gradient&quot;}\">\n\t\t\t\t\t\t<div class=\"elementor-container elementor-column-gap-default\">\n\t\t\t\t\t<div class=\"elementor-column elementor-col-25 elementor-top-column elementor-element elementor-element-69005d4\" data-id=\"69005d4\" data-element_type=\"column\">\n\t\t\t<div class=\"elementor-widget-wrap elementor-element-populated\">\n\t\t\t\t\t\t<div class=\"elementor-element elementor-element-58e9d99 elementor-widget elementor-widget-spacer\" data-id=\"58e9d99\" data-element_type=\"widget\" data-widget_type=\"spacer.default\">\n\t\t\t\t<div class=\"elementor-widget-container\">\n\t\t\t\t\t<div class=\"elementor-spacer\">\n\t\t\t<div class=\"elementor-spacer-inner\"><\/div>\n\t\t<\/div>\n\t\t\t\t<\/div>\n\t\t\t\t<\/div>\n\t\t\t\t\t<\/div>\n\t\t<\/div>\n\t\t\t\t<div class=\"elementor-column elementor-col-25 elementor-top-column elementor-element elementor-element-4bef92d9\" data-id=\"4bef92d9\" data-element_type=\"column\">\n\t\t\t<div class=\"elementor-widget-wrap elementor-element-populated\">\n\t\t\t\t\t\t<div class=\"elementor-element elementor-element-1c3f7f0f elementor-widget elementor-widget-image\" data-id=\"1c3f7f0f\" data-element_type=\"widget\" data-widget_type=\"image.default\">\n\t\t\t\t<div class=\"elementor-widget-container\">\n\t\t\t\t\t\t\t\t\t\t\t\t\t\t<a href=\"https:\/\/elena.hosting-dk.de\/wp-content\/uploads\/2024\/10\/frog-1.png\" data-elementor-open-lightbox=\"yes\" data-elementor-lightbox-title=\"frog\" data-e-action-hash=\"#elementor-action%3Aaction%3Dlightbox%26settings%3DeyJpZCI6MTY1LCJ1cmwiOiJodHRwczpcL1wvZWxlbmEuaG9zdGluZy1kay5kZVwvd3AtY29udGVudFwvdXBsb2Fkc1wvMjAyNFwvMTBcL2Zyb2ctMS5wbmcifQ%3D%3D\">\n\t\t\t\t\t\t\t<img decoding=\"async\" width=\"707\" height=\"1024\" src=\"https:\/\/elena.hosting-dk.de\/wp-content\/uploads\/2024\/10\/frog-1-707x1024.png\" class=\"attachment-large size-large wp-image-165\" alt=\"\" srcset=\"https:\/\/elena.hosting-dk.de\/wp-content\/uploads\/2024\/10\/frog-1-707x1024.png 707w, https:\/\/elena.hosting-dk.de\/wp-content\/uploads\/2024\/10\/frog-1-207x300.png 207w, https:\/\/elena.hosting-dk.de\/wp-content\/uploads\/2024\/10\/frog-1-768x1113.png 768w, https:\/\/elena.hosting-dk.de\/wp-content\/uploads\/2024\/10\/frog-1-1060x1536.png 1060w, https:\/\/elena.hosting-dk.de\/wp-content\/uploads\/2024\/10\/frog-1-1413x2048.png 1413w\" sizes=\"(max-width: 707px) 100vw, 707px\" \/>\t\t\t\t\t\t\t\t<\/a>\n\t\t\t\t\t\t\t\t\t\t\t\t\t<\/div>\n\t\t\t\t<\/div>\n\t\t\t\t<div class=\"elementor-element elementor-element-14400ff elementor-widget elementor-widget-image\" data-id=\"14400ff\" data-element_type=\"widget\" data-widget_type=\"image.default\">\n\t\t\t\t<div class=\"elementor-widget-container\">\n\t\t\t\t\t\t\t\t\t\t\t\t\t\t<a href=\"https:\/\/elena.hosting-dk.de\/wp-content\/uploads\/2024\/10\/Portfolio-second-try2.png\" data-elementor-open-lightbox=\"yes\" data-elementor-lightbox-title=\"Portfolio second try2\" data-e-action-hash=\"#elementor-action%3Aaction%3Dlightbox%26settings%3DeyJpZCI6NTE3LCJ1cmwiOiJodHRwczpcL1wvZWxlbmEuaG9zdGluZy1kay5kZVwvd3AtY29udGVudFwvdXBsb2Fkc1wvMjAyNFwvMTBcL1BvcnRmb2xpby1zZWNvbmQtdHJ5Mi5wbmcifQ%3D%3D\">\n\t\t\t\t\t\t\t<img decoding=\"async\" width=\"722\" height=\"1024\" src=\"https:\/\/elena.hosting-dk.de\/wp-content\/uploads\/2024\/10\/Portfolio-second-try2-722x1024.png\" class=\"attachment-large size-large wp-image-517\" alt=\"\" srcset=\"https:\/\/elena.hosting-dk.de\/wp-content\/uploads\/2024\/10\/Portfolio-second-try2-722x1024.png 722w, https:\/\/elena.hosting-dk.de\/wp-content\/uploads\/2024\/10\/Portfolio-second-try2-211x300.png 211w, https:\/\/elena.hosting-dk.de\/wp-content\/uploads\/2024\/10\/Portfolio-second-try2-768x1090.png 768w, https:\/\/elena.hosting-dk.de\/wp-content\/uploads\/2024\/10\/Portfolio-second-try2.png 874w\" sizes=\"(max-width: 722px) 100vw, 722px\" \/>\t\t\t\t\t\t\t\t<\/a>\n\t\t\t\t\t\t\t\t\t\t\t\t\t<\/div>\n\t\t\t\t<\/div>\n\t\t\t\t\t<\/div>\n\t\t<\/div>\n\t\t\t\t<div class=\"elementor-column elementor-col-25 elementor-top-column elementor-element elementor-element-49ecd312\" data-id=\"49ecd312\" data-element_type=\"column\">\n\t\t\t<div class=\"elementor-widget-wrap elementor-element-populated\">\n\t\t\t\t\t\t<div class=\"elementor-element elementor-element-6e030ee8 elementor-widget elementor-widget-heading\" data-id=\"6e030ee8\" data-element_type=\"widget\" data-widget_type=\"heading.default\">\n\t\t\t\t<div class=\"elementor-widget-container\">\n\t\t\t<h2 class=\"elementor-heading-title elementor-size-default\">Projects<\/h2>\t\t<\/div>\n\t\t\t\t<\/div>\n\t\t\t\t<div class=\"elementor-element elementor-element-87c0001 elementor-widget elementor-widget-text-editor\" data-id=\"87c0001\" data-element_type=\"widget\" data-widget_type=\"text-editor.default\">\n\t\t\t\t<div class=\"elementor-widget-container\">\n\t\t\t\t\t\t\t<p>Hier findest du meine Projekte.<\/p><p>Klick dich durch und sieh selbst, was dabei rausgekommen ist!<\/p>\t\t\t\t\t\t<\/div>\n\t\t\t\t<\/div>\n\t\t\t\t<div class=\"elementor-element elementor-element-279db3e4 wpr-button-icon-style-inline wpr-button-icon-position-right elementor-widget elementor-widget-wpr-button\" data-id=\"279db3e4\" data-element_type=\"widget\" data-widget_type=\"wpr-button.default\">\n\t\t\t\t<div class=\"elementor-widget-container\">\n\t\t\t\t\n\t\t\t\n\t\t\n\t\t<div class=\"wpr-button-wrap elementor-clearfix\">\n\t\t<a class=\"wpr-button wpr-button-effect elementor-animation-grow\" data-text=\"Go\" href=\"https:\/\/elena.hosting-dk.de\/?page_id=374\" target=\"_blank\">\n\t\t\t\n\t\t\t<span class=\"wpr-button-content\">\n\t\t\t\t\t\t\t\t\t<span class=\"wpr-button-text\">Meine Projekte<\/span>\n\t\t\t\t\t\t\t\t\n\t\t\t\t\t\t\t<\/span>\n\t\t<\/a>\n\n\t\t\t\t<\/div>\n\t\n\t\n\t\t\t<\/div>\n\t\t\t\t<\/div>\n\t\t\t\t<div class=\"elementor-element elementor-element-41180cc elementor-widget elementor-widget-image\" data-id=\"41180cc\" data-element_type=\"widget\" data-widget_type=\"image.default\">\n\t\t\t\t<div class=\"elementor-widget-container\">\n\t\t\t\t\t\t\t\t\t\t\t\t\t<img loading=\"lazy\" decoding=\"async\" width=\"800\" height=\"809\" src=\"https:\/\/elena.hosting-dk.de\/wp-content\/uploads\/2025\/08\/orca-1012x1024-1.png\" class=\"attachment-large size-large wp-image-878\" alt=\"\" srcset=\"https:\/\/elena.hosting-dk.de\/wp-content\/uploads\/2025\/08\/orca-1012x1024-1.png 1012w, https:\/\/elena.hosting-dk.de\/wp-content\/uploads\/2025\/08\/orca-1012x1024-1-296x300.png 296w, https:\/\/elena.hosting-dk.de\/wp-content\/uploads\/2025\/08\/orca-1012x1024-1-768x777.png 768w\" sizes=\"(max-width: 800px) 100vw, 800px\" \/>\t\t\t\t\t\t\t\t\t\t\t\t\t<\/div>\n\t\t\t\t<\/div>\n\t\t\t\t\t<\/div>\n\t\t<\/div>\n\t\t\t\t<div class=\"elementor-column elementor-col-25 elementor-top-column elementor-element elementor-element-3bc8dd57\" data-id=\"3bc8dd57\" data-element_type=\"column\">\n\t\t\t<div class=\"elementor-widget-wrap elementor-element-populated\">\n\t\t\t\t\t\t<div class=\"elementor-element elementor-element-4c74057f elementor-widget elementor-widget-image\" data-id=\"4c74057f\" data-element_type=\"widget\" data-widget_type=\"image.default\">\n\t\t\t\t<div class=\"elementor-widget-container\">\n\t\t\t\t\t\t\t\t\t\t\t\t\t\t<a href=\"https:\/\/elena.hosting-dk.de\/wp-content\/uploads\/2024\/10\/Magazin-1.png\" data-elementor-open-lightbox=\"yes\" data-elementor-lightbox-title=\"Magazin\" data-e-action-hash=\"#elementor-action%3Aaction%3Dlightbox%26settings%3DeyJpZCI6MTYwLCJ1cmwiOiJodHRwczpcL1wvZWxlbmEuaG9zdGluZy1kay5kZVwvd3AtY29udGVudFwvdXBsb2Fkc1wvMjAyNFwvMTBcL01hZ2F6aW4tMS5wbmcifQ%3D%3D\">\n\t\t\t\t\t\t\t<img loading=\"lazy\" decoding=\"async\" width=\"673\" height=\"1024\" src=\"https:\/\/elena.hosting-dk.de\/wp-content\/uploads\/2024\/10\/Magazin-1-673x1024.png\" class=\"attachment-large size-large wp-image-160\" alt=\"\" srcset=\"https:\/\/elena.hosting-dk.de\/wp-content\/uploads\/2024\/10\/Magazin-1-673x1024.png 673w, https:\/\/elena.hosting-dk.de\/wp-content\/uploads\/2024\/10\/Magazin-1-197x300.png 197w, https:\/\/elena.hosting-dk.de\/wp-content\/uploads\/2024\/10\/Magazin-1-768x1168.png 768w, https:\/\/elena.hosting-dk.de\/wp-content\/uploads\/2024\/10\/Magazin-1-1010x1536.png 1010w, https:\/\/elena.hosting-dk.de\/wp-content\/uploads\/2024\/10\/Magazin-1-1346x2048.png 1346w\" sizes=\"(max-width: 673px) 100vw, 673px\" \/>\t\t\t\t\t\t\t\t<\/a>\n\t\t\t\t\t\t\t\t\t\t\t\t\t<\/div>\n\t\t\t\t<\/div>\n\t\t\t\t<div class=\"elementor-element elementor-element-1cfc185e elementor-widget elementor-widget-image\" data-id=\"1cfc185e\" data-element_type=\"widget\" data-widget_type=\"image.default\">\n\t\t\t\t<div class=\"elementor-widget-container\">\n\t\t\t\t\t\t\t\t\t\t\t\t\t\t<a href=\"https:\/\/elena.hosting-dk.de\/wp-content\/uploads\/2024\/11\/Neon_Pulse.png\" data-elementor-open-lightbox=\"yes\" data-elementor-lightbox-title=\"Neon_Pulse\" data-e-action-hash=\"#elementor-action%3Aaction%3Dlightbox%26settings%3DeyJpZCI6ODUyLCJ1cmwiOiJodHRwczpcL1wvZWxlbmEuaG9zdGluZy1kay5kZVwvd3AtY29udGVudFwvdXBsb2Fkc1wvMjAyNFwvMTFcL05lb25fUHVsc2UucG5nIn0%3D\">\n\t\t\t\t\t\t\t<img loading=\"lazy\" decoding=\"async\" width=\"696\" height=\"1024\" src=\"https:\/\/elena.hosting-dk.de\/wp-content\/uploads\/2024\/11\/Neon_Pulse-696x1024.png\" class=\"attachment-large size-large wp-image-852\" alt=\"\" srcset=\"https:\/\/elena.hosting-dk.de\/wp-content\/uploads\/2024\/11\/Neon_Pulse-696x1024.png 696w, https:\/\/elena.hosting-dk.de\/wp-content\/uploads\/2024\/11\/Neon_Pulse-204x300.png 204w, https:\/\/elena.hosting-dk.de\/wp-content\/uploads\/2024\/11\/Neon_Pulse-768x1130.png 768w, https:\/\/elena.hosting-dk.de\/wp-content\/uploads\/2024\/11\/Neon_Pulse-1044x1536.png 1044w, https:\/\/elena.hosting-dk.de\/wp-content\/uploads\/2024\/11\/Neon_Pulse-1391x2048.png 1391w\" sizes=\"(max-width: 696px) 100vw, 696px\" \/>\t\t\t\t\t\t\t\t<\/a>\n\t\t\t\t\t\t\t\t\t\t\t\t\t<\/div>\n\t\t\t\t<\/div>\n\t\t\t\t\t<\/div>\n\t\t<\/div>\n\t\t\t\t\t<\/div>\n\t\t<\/section>\n\t\t\t\t<section class=\"elementor-section elementor-top-section elementor-element elementor-element-7d25e5628 elementor-section-full_width elementor-section-height-default elementor-section-height-default wpr-particle-no wpr-jarallax-no wpr-parallax-no wpr-sticky-section-no\" data-id=\"7d25e5628\" data-element_type=\"section\" data-settings=\"{&quot;background_background&quot;:&quot;classic&quot;}\">\n\t\t\t\t\t\t\t<div class=\"elementor-background-overlay\"><\/div>\n\t\t\t\t\t\t\t<div class=\"elementor-container elementor-column-gap-default\">\n\t\t\t\t\t<div class=\"elementor-column elementor-col-50 elementor-top-column elementor-element elementor-element-cd84f6c\" data-id=\"cd84f6c\" data-element_type=\"column\">\n\t\t\t<div class=\"elementor-widget-wrap\">\n\t\t\t\t\t\t\t<\/div>\n\t\t<\/div>\n\t\t\t\t<div class=\"elementor-column elementor-col-50 elementor-top-column elementor-element elementor-element-6174fee5\" data-id=\"6174fee5\" data-element_type=\"column\">\n\t\t\t<div class=\"elementor-widget-wrap elementor-element-populated\">\n\t\t\t\t\t\t<div class=\"elementor-element elementor-element-557c588a elementor-widget elementor-widget-text-editor\" data-id=\"557c588a\" data-element_type=\"widget\" data-widget_type=\"text-editor.default\">\n\t\t\t\t<div class=\"elementor-widget-container\">\n\t\t\t\t\t\t\t<p><a href=\"https:\/\/elena.hosting-dk.de\">Homepage<\/a><br \/><a href=\"https:\/\/elena.hosting-dk.de\/?page_id=182\">\u00dcber mich<\/a><br \/><a href=\"https:\/\/elena.hosting-dk.de\/?page_id=374\">Projekte<\/a><br \/><a href=\"https:\/\/elena.hosting-dk.de\/?page_id=396\">Impressum<\/a><\/p><p>\u00a9 Elena Friesen, 2024. Alle Rechte vorbehalten.<\/p>\t\t\t\t\t\t<\/div>\n\t\t\t\t<\/div>\n\t\t\t\t\t<\/div>\n\t\t<\/div>\n\t\t\t\t\t<\/div>\n\t\t<\/section>\n\t\t\t\t<\/div>\n\t\t","protected":false},"excerpt":{"rendered":"<p>Homepage \u00dcber mich Projekte Brosch\u00fcren Visitenkarten Plakate, Flyer und Folder Impressum Homepage \u00dcber mich Projekte Brosch\u00fcren Visitenkarten Plakate, Flyer und Folder Impressum Entdecke Mein Portfolio | Elena Friesen Willkommen! Ich bin Elena, 19 Jahre alt und\u00a0 gestaltungstechnische Assistentin. Kreativit\u00e4t und Detailgenauigkeit sind mein Ding \u2013 wenn du mehr wissen willst, schau mal vorbei! Erfahre mehr Was dich hier erwartet: \u00dcber mich Meine Projekte Projects Hier findest du meine Projekte. Klick dich durch und sieh selbst, was dabei rausgekommen ist! Meine Projekte Homepage\u00dcber michProjekteImpressum \u00a9 Elena Friesen, 2024. Alle Rechte vorbehalten.<\/p>\n","protected":false},"author":1,"featured_media":0,"parent":0,"menu_order":0,"comment_status":"closed","ping_status":"closed","template":"elementor_canvas","meta":{"footnotes":""},"class_list":["post-114","page","type-page","status-publish","hentry"],"_links":{"self":[{"href":"https:\/\/elena.hosting-dk.de\/index.php?rest_route=\/wp\/v2\/pages\/114","targetHints":{"allow":["GET"]}}],"collection":[{"href":"https:\/\/elena.hosting-dk.de\/index.php?rest_route=\/wp\/v2\/pages"}],"about":[{"href":"https:\/\/elena.hosting-dk.de\/index.php?rest_route=\/wp\/v2\/types\/page"}],"author":[{"embeddable":true,"href":"https:\/\/elena.hosting-dk.de\/index.php?rest_route=\/wp\/v2\/users\/1"}],"replies":[{"embeddable":true,"href":"https:\/\/elena.hosting-dk.de\/index.php?rest_route=%2Fwp%2Fv2%2Fcomments&post=114"}],"version-history":[{"count":123,"href":"https:\/\/elena.hosting-dk.de\/index.php?rest_route=\/wp\/v2\/pages\/114\/revisions"}],"predecessor-version":[{"id":930,"href":"https:\/\/elena.hosting-dk.de\/index.php?rest_route=\/wp\/v2\/pages\/114\/revisions\/930"}],"wp:attachment":[{"href":"https:\/\/elena.hosting-dk.de\/index.php?rest_route=%2Fwp%2Fv2%2Fmedia&parent=114"}],"curies":[{"name":"wp","href":"https:\/\/api.w.org\/{rel}","templated":true}]}}